{"id":9,"date":"2023-11-20T08:48:02","date_gmt":"2023-11-20T07:48:02","guid":{"rendered":"https:\/\/www.falcon-media.com\/landing\/?page_id=9"},"modified":"2024-04-18T20:55:17","modified_gmt":"2024-04-19T01:55:17","slug":"webs-para-ilustradores-y-artistas","status":"publish","type":"page","link":"https:\/\/www.falcon-media.com\/landing\/webs-para-ilustradores-y-artistas\/","title":{"rendered":"Webs para ilustradores y artistas"},"content":{"rendered":"<div class=\"wpb-content-wrapper\"><p>[vc_row wrap_container=\u00bbyes\u00bb conditional_render=\u00bb%5B%7B%22value_role%22%3A%22administrator%22%7D%5D\u00bb css=\u00bb.vc_custom_1700689570108{background-position: center !important;background-repeat: no-repeat !important;background-size: cover !important;}\u00bb][vc_column width=\u00bb1\/2&#8243;][vc_custom_heading text=\u00bbWebs para ilustradores y artistas\u00bb font_container=\u00bbtag:h1|font_size:3rem|text_align:left|color:%233d277b|line_height:1&#8243; google_fonts=\u00bbfont_family:Londrina%20Solid%3Aregular|font_style:400%20regular%3A400%3Anormal\u00bb font_weight=\u00bb500&#8243;][\/vc_column][vc_column width=\u00bb1\/2&#8243;][\/vc_column][\/vc_row][vc_row wrap_container=\u00bbyes\u00bb content_placement=\u00bbmiddle\u00bb conditional_render=\u00bb%5B%7B%22value_role%22%3A%22administrator%22%7D%5D\u00bb css=\u00bb.vc_custom_1701832791533{background-position: center !important;background-repeat: no-repeat !important;background-size: cover !important;}\u00bb animation_type=\u00bbfadeInUp\u00bb][vc_column width=\u00bb1\/2&#8243;][vc_custom_heading text=\u00bb<strong>\u00bfPara qu\u00e9?<\/strong> Para tener presencia profesional en l\u00ednea\u00bb font_container=\u00bbtag:p|font_size:1rem|text_align:left|color:%23424242|line_height:1&#8243; use_theme_fonts=\u00bbyes\u00bb el_class=\u00bbtext-fw-500&#8243; css=\u00bb.vc_custom_1700754287597{margin-top: 20px !important;}\u00bb][vc_custom_heading text=\u00bb<strong>\u00bfPorqu\u00e9? <\/strong> Por que miles de usuarios podr\u00e1n encontrarte en<strong> Google.<\/strong>\u00bb font_container=\u00bbtag:p|font_size:1rem|text_align:left|color:%23424242|line_height:1&#8243; use_theme_fonts=\u00bbyes\u00bb el_class=\u00bbtext-fw-500&#8243;][vc_custom_heading text=\u00bb<strong>\u00bfCu\u00e1nto tiempo toma? <\/strong>En 15 d\u00edas tu web estar\u00e1 operativa\u00bb font_container=\u00bbtag:p|font_size:1rem|text_align:left|color:%23424242|line_height:1&#8243; use_theme_fonts=\u00bbyes\u00bb el_class=\u00bbtext-fw-500&#8243;][\/vc_column][vc_column width=\u00bb1\/2&#8243;][vc_single_image image=\u00bb141&#8243; img_size=\u00bbfull\u00bb alignment=\u00bbcenter\u00bb css=\u00bb.vc_custom_1713491690611{margin-bottom: 1.25rem !important;}\u00bb label=\u00bb\u00bb][\/vc_column][\/vc_row][vc_row wrap_container=\u00bbyes\u00bb conditional_render=\u00bb%5B%7B%22value_role%22%3A%22administrator%22%7D%5D\u00bb css=\u00bb.vc_custom_1701817959996{border-top-width: 20px !important;border-right-width: 20px !important;border-bottom-width: 20px !important;border-left-width: 20px !important;border-radius: 20px !important;}\u00bb animation_type=\u00bbfadeInUpBig\u00bb][vc_column][vc_custom_heading text=\u00bb\u00bfQu\u00e9 tendr\u00e1?\u00bb font_container=\u00bbtag:h2|font_size:2rem|text_align:left|color:%2337424c|line_height:1&#8243; use_theme_fonts=\u00bbyes\u00bb font_weight=\u00bb700&#8243; letter_spacing=\u00bb0.5px\u00bb css=\u00bb.vc_custom_1701819040913{padding-top: 20px !important;}\u00bb][vc_row_inner wrap_container=\u00bbyes\u00bb css=\u00bb.vc_custom_1701817986283{border-radius: 5px !important;}\u00bb animation_type=\u00bbfadeInUp\u00bb][vc_column_inner][vc_single_image image=\u00bb57&#8243; img_size=\u00bbfull\u00bb][vc_custom_heading text=\u00bbTu sitio estar\u00e1 disponible para <strong>miles de usuarios<\/strong> que buscan en l\u00ednea todos los d\u00edas.\u00bb font_container=\u00bbtag:p|font_size:1rem|text_align:left|color:%23424242|line_height:1&#8243; use_theme_fonts=\u00bbyes\u00bb el_class=\u00bbtext-fw-500&#8243; css=\u00bb.vc_custom_1700754755859{margin-top: 15px !important;border-top-width: 15px !important;}\u00bb][\/vc_column_inner][\/vc_row_inner][vc_row_inner wrap_container=\u00bbyes\u00bb no_padding=\u00bbyes\u00bb equal_height=\u00bbyes\u00bb css=\u00bb.vc_custom_1701818001536{margin-top: 15px !important;border-right-width: 20px !important;border-left-width: 20px !important;border-radius: 5px !important;}\u00bb animation_type=\u00bbfadeInUp\u00bb][vc_column_inner][vc_single_image image=\u00bb59&#8243; img_size=\u00bbfull\u00bb][vc_custom_heading text=\u00bbUn sitio web profesional te ayuda a destacar y <strong> te hace m\u00e1s confiable.<\/strong>\u00bb font_container=\u00bbtag:p|font_size:1rem|text_align:left|color:%23424242|line_height:1&#8243; use_theme_fonts=\u00bbyes\u00bb el_class=\u00bbtext-fw-500&#8243; css=\u00bb.vc_custom_1700756159126{margin-top: 15px !important;border-top-width: 15px !important;}\u00bb][\/vc_column_inner][\/vc_row_inner][vc_row_inner wrap_container=\u00bbyes\u00bb no_padding=\u00bbyes\u00bb equal_height=\u00bbyes\u00bb css=\u00bb.vc_custom_1701818022554{margin-top: 15px !important;border-right-width: 20px !important;border-left-width: 20px !important;border-radius: 5px !important;}\u00bb animation_type=\u00bbfadeInUp\u00bb][vc_column_inner][vc_single_image image=\u00bb58&#8243; img_size=\u00bbfull\u00bb][vc_custom_heading text=\u00bbTendr\u00e1s el <strong>control total sobre tu contenido<\/strong>, tu marca y tu historia.\u00bb font_container=\u00bbtag:p|font_size:1rem|text_align:left|color:%23424242|line_height:1&#8243; use_theme_fonts=\u00bbyes\u00bb el_class=\u00bbtext-fw-500&#8243; css=\u00bb.vc_custom_1700756197367{margin-top: 15px !important;border-top-width: 15px !important;}\u00bb][\/vc_column_inner][\/vc_row_inner][\/vc_column][\/vc_row][vc_row wrap_container=\u00bbyes\u00bb disable_element=\u00bbyes\u00bb conditional_render=\u00bb%5B%7B%22value_role%22%3A%22administrator%22%7D%5D\u00bb][vc_column][vc_custom_heading text=\u00bbWebs para ilustradores y artistas\u00bb font_container=\u00bbtag:h1|font_size:3rem|text_align:left|line_height:1&#8243; use_theme_fonts=\u00bbyes\u00bb font_weight=\u00bb500&#8243;][vc_custom_heading text=\u00bbObt\u00e9n presencia en l\u00ednea <strong>\u00fanica y profesional<\/strong> que miles de usuarios puedan encontrar en Google. \u00a1Tu propio sitio web es la clave para destacar en la era digital!\u00bb font_container=\u00bbtag:p|font_size:1rem|text_align:left|line_height:1&#8243; use_theme_fonts=\u00bbyes\u00bb el_class=\u00bbtext-fw-500&#8243;][vc_single_image image=\u00bb18&#8243; img_size=\u00bbfull\u00bb alignment=\u00bbcenter\u00bb css=\u00bb.vc_custom_1700468306570{margin-bottom: 1.25rem !important;}\u00bb][vc_btn title=\u00bb\u00a1Quiero mi p\u00e1gina web!\u00bb style=\u00bbflat\u00bb shape=\u00bbsquare\u00bb color=\u00bbblack\u00bb size=\u00bbxl\u00bb align=\u00bbcenter\u00bb btn_fs=\u00bb1.2rem\u00bb btn_fw=\u00bb700&#8243; link=\u00bburl:%23&#8243; btn_py=\u00bb15px\u00bb css=\u00bb.vc_custom_1700468328295{margin-bottom: 32px !important;}\u00bb][\/vc_column][\/vc_row][vc_row wrap_container=\u00bbyes\u00bb disable_element=\u00bbyes\u00bb conditional_render=\u00bb%5B%7B%22value_role%22%3A%22administrator%22%7D%5D\u00bb][vc_column][vc_custom_heading text=\u00bb\u00bfPor qu\u00e9 un sitio web?\u00bb font_container=\u00bbtag:h2|font_size:1.5rem|text_align:center|line_height:1&#8243; use_theme_fonts=\u00bbyes\u00bb font_weight=\u00bb700&#8243; letter_spacing=\u00bb0.5px\u00bb][vc_row_inner][vc_column_inner width=\u00bb1\/2&#8243; offset=\u00bbvc_col-xs-6&#8243;][vc_column_text el_class=\u00bblh-1 text-fs-faq mb-3&#8243;]<strong>Visibilidad:<\/strong> Tu sitio estar\u00e1 disponible para miles de usuarios que buscan en l\u00ednea todos los d\u00edas.[\/vc_column_text][\/vc_column_inner][vc_column_inner width=\u00bb1\/2&#8243; offset=\u00bbvc_col-xs-6&#8243;][vc_column_text el_class=\u00bblh-1 text-fs-faq mb-3&#8243;]<strong>Credibilidad:<\/strong> Un sitio web profesional te ayuda a destacar y te hace m\u00e1s confiable.[\/vc_column_text][\/vc_column_inner][vc_column_inner width=\u00bb1\/2&#8243; offset=\u00bbvc_col-xs-offset-3 vc_col-xs-6&#8243;][vc_column_text el_class=\u00bblh-1 text-fs-faq mb-3&#8243;]<strong>Control total:<\/strong> Tendr\u00e1s el control total sobre tu contenido, tu marca y tu historia.[\/vc_column_text][\/vc_column_inner][\/vc_row_inner][vc_single_image image=\u00bb18&#8243; img_size=\u00bbfull\u00bb alignment=\u00bbcenter\u00bb][\/vc_column][\/vc_row][vc_row wrap_container=\u00bbyes\u00bb conditional_render=\u00bb%5B%7B%22value_role%22%3A%22administrator%22%7D%5D\u00bb css=\u00bb.vc_custom_1701818242715{background-position: center !important;background-repeat: no-repeat !important;background-size: cover !important;}\u00bb][vc_column conditional_render=\u00bb%5B%7B%22value_role%22%3A%22administrator%22%7D%5D\u00bb][vc_btn title=\u00bbEmpezar mi web\u00bb style=\u00bbflat\u00bb shape=\u00bbsquare\u00bb color=\u00bbwarning\u00bb size=\u00bbxs\u00bb align=\u00bbcenter\u00bb i_icon_fontawesome=\u00bbfab fa-whatsapp\u00bb btn_fs=\u00bb1rem\u00bb btn_fw=\u00bb700&#8243; button_block=\u00bbtrue\u00bb add_icon=\u00bbtrue\u00bb link=\u00bburl:https%3A%2F%2Fapi.whatsapp.com%2Fsend%3Fphone%3D51982839114%26text%3Dhola%2C%2520soy%2520artista%2520y%2520quiero%2520mi%2520propia%25C2%25A0web!|target:_blank\u00bb btn_py=\u00bb15px\u00bb css=\u00bb.vc_custom_1701836968740{margin-right: 5px !important;margin-bottom: 32px !important;margin-left: 5px !important;}\u00bb][\/vc_column][\/vc_row][vc_row full_width=\u00bbstretch_row_content_no_spaces\u00bb wrap_container=\u00bbyes\u00bb conditional_render=\u00bb%5B%7B%22value_role%22%3A%22administrator%22%7D%5D\u00bb css=\u00bb.vc_custom_1701818212925{margin-top: 20px !important;background-color: #151b28 !important;}\u00bb animation_type=\u00bbfadeInUp\u00bb][vc_column][vc_custom_heading text=\u00bbNuestro proceso es simple\u00bb font_container=\u00bbtag:h2|font_size:2rem|text_align:center|color:%23ffffff|line_height:1&#8243; use_theme_fonts=\u00bbyes\u00bb font_weight=\u00bb700&#8243; letter_spacing=\u00bb0.5px\u00bb css=\u00bb.vc_custom_1701649394258{margin-top: 40px !important;padding-top: 20px !important;}\u00bb][vc_row_inner wrap_container=\u00bbyes\u00bb gap=\u00bb20&#8243; css=\u00bb.vc_custom_1701646047795{margin-top: 20px !important;margin-bottom: 40px !important;}\u00bb][vc_column_inner width=\u00bb1\/3&#8243; css=\u00bb.vc_custom_1701818304290{background-image: url(https:\/\/www.falcon-media.com\/landing\/wp-content\/uploads\/2023\/12\/1-09.png?id=62) !important;background-position: center !important;background-repeat: no-repeat !important;background-size: contain !important;}\u00bb animation_type=\u00bbbounceInLeft\u00bb][vc_icon icon_fontawesome=\u00bbfab fa-instagram\u00bb color=\u00bbcustom\u00bb size=\u00bblg\u00bb align=\u00bbcenter\u00bb custom_color=\u00bb#ff449e\u00bb][vc_custom_heading text=\u00bbVinculamos tu <strong>Instagram con tu web.<\/strong>\u00bb font_container=\u00bbtag:p|font_size:1rem|text_align:center|color:%23ffffff|line_height:1&#8243; use_theme_fonts=\u00bbyes\u00bb el_class=\u00bbtext-fw-500&#8243; css=\u00bb.vc_custom_1701643224377{margin-top: 15px !important;border-top-width: 15px !important;}\u00bb][vc_icon icon_fontawesome=\u00bbfas fa-laptop\u00bb color=\u00bbcustom\u00bb size=\u00bblg\u00bb align=\u00bbcenter\u00bb custom_color=\u00bb#3ce0dd\u00bb][\/vc_column_inner][vc_column_inner width=\u00bb1\/3&#8243; css=\u00bb.vc_custom_1701818325748{background-image: url(https:\/\/www.falcon-media.com\/landing\/wp-content\/uploads\/2023\/12\/2-10.png?id=63) !important;background-position: center !important;background-repeat: no-repeat !important;background-size: contain !important;}\u00bb animation_type=\u00bbbounceInUp\u00bb][vc_icon icon_fontawesome=\u00bbfab fa-google\u00bb color=\u00bbcustom\u00bb size=\u00bblg\u00bb align=\u00bbcenter\u00bb custom_color=\u00bb#edc440&#8243;][vc_custom_heading text=\u00bbOptimizamos tu sitio para que sea <strong>f\u00e1cil de encontrar en Google.<\/strong>\u00bb font_container=\u00bbtag:p|font_size:1rem|text_align:center|color:%23ffffff|line_height:1&#8243; use_theme_fonts=\u00bbyes\u00bb el_class=\u00bbtext-fw-500&#8243; css=\u00bb.vc_custom_1701644075430{margin-top: 15px !important;border-top-width: 15px !important;}\u00bb][vc_icon icon_fontawesome=\u00bbfar fa-hand-pointer\u00bb color=\u00bbcustom\u00bb size=\u00bblg\u00bb align=\u00bbcenter\u00bb custom_color=\u00bb#ffffff\u00bb][\/vc_column_inner][vc_column_inner width=\u00bb1\/3&#8243; css=\u00bb.vc_custom_1701818333942{background-image: url(https:\/\/www.falcon-media.com\/landing\/wp-content\/uploads\/2023\/12\/2-11.png?id=64) !important;background-position: center !important;background-repeat: no-repeat !important;background-size: contain !important;}\u00bb animation_type=\u00bbbounceInRight\u00bb][vc_icon icon_fontawesome=\u00bbfar fa-star\u00bb color=\u00bbcustom\u00bb size=\u00bblg\u00bb align=\u00bbcenter\u00bb custom_color=\u00bb#aa71e2&#8243;][vc_custom_heading text=\u00bbEn m\u00e1ximo 15 d\u00edas <strong>tu sitio web estar\u00e1 en l\u00ednea. \u00a1Listo!<\/strong>\u00bb font_container=\u00bbtag:p|font_size:1rem|text_align:center|color:%23ffffff|line_height:1&#8243; use_theme_fonts=\u00bbyes\u00bb el_class=\u00bbtext-fw-500&#8243; css=\u00bb.vc_custom_1701645129911{margin-top: 15px !important;border-top-width: 15px !important;}\u00bb][vc_icon icon_fontawesome=\u00bbfar fa-calendar-check\u00bb color=\u00bbcustom\u00bb size=\u00bblg\u00bb align=\u00bbcenter\u00bb custom_color=\u00bb#93f241&#8243;][\/vc_column_inner][\/vc_row_inner][\/vc_column][\/vc_row][vc_row full_width=\u00bbstretch_row_content_no_spaces\u00bb wrap_container=\u00bbyes\u00bb conditional_render=\u00bb%5B%7B%22value_role%22%3A%22administrator%22%7D%5D\u00bb css=\u00bb.vc_custom_1701649316239{background-color: #00ddb5 !important;}\u00bb][vc_column][vc_custom_heading text=\u00bbTenemos dos opciones\u00bb font_container=\u00bbtag:h2|font_size:2rem|text_align:center|color:%23ffffff|line_height:1&#8243; use_theme_fonts=\u00bbyes\u00bb font_weight=\u00bb700&#8243; letter_spacing=\u00bb0.5px\u00bb css=\u00bb.vc_custom_1701649386175{margin-top: 40px !important;padding-top: 20px !important;}\u00bb][vc_row_inner wrap_container=\u00bbyes\u00bb gap=\u00bb20&#8243; equal_height=\u00bbyes\u00bb css=\u00bb.vc_custom_1701833007909{margin-top: 20px !important;margin-bottom: 40px !important;}\u00bb][vc_column_inner el_class=\u00bbnuestras-opciones\u00bb width=\u00bb1\/2&#8243; css=\u00bb.vc_custom_1701833181109{margin-top: 10px !important;background-position: center !important;background-repeat: no-repeat !important;background-size: contain !important;}\u00bb][vc_pricing_table heading=\u00bbHalc\u00f3n web\u00bb subheading=\u00bbOpci\u00f3n 1&#8243; currency=\u00bbS\/\u00bb price=\u00bb1500&#8243; period=\u00bb\u00bb markers_color=\u00bb#5188f1&#8243; btn_title=\u00bbObtener ahora\u00bb btn_color=\u00bbwarning\u00bb btn_link=\u00bburl:https%3A%2F%2Fapi.whatsapp.com%2Fsend%3Fphone%3D51982839114%26text%3Dhola%2C%2520soy%2520artista%2520y%2520quiero%2520Halc%25C3%25B3n%2520web!|target:_blank\u00bb]<\/p>\n<ul>\n<li>Tu Instagram conectado en la p\u00e1gina inicial<\/li>\n<li>P\u00e1gina de biograf\u00eda<\/li>\n<li>P\u00e1gina de contacto<\/li>\n<li><span class=\"Y2IQFc\" lang=\"es\">Hosting<\/span> gratis por un a\u00f1o<\/li>\n<\/ul>\n<p>[\/vc_pricing_table][\/vc_column_inner][vc_column_inner el_class=\u00bbnuestras-opciones\u00bb width=\u00bb1\/2&#8243; css=\u00bb.vc_custom_1701833186194{margin-top: 10px !important;background-position: center !important;background-repeat: no-repeat !important;background-size: contain !important;}\u00bb][vc_pricing_table heading=\u00bbFire web\u00bb subheading=\u00bbOpci\u00f3n 2&#8243; currency=\u00bbS\/\u00bb price=\u00bb1,605&#8243; period=\u00bb\u00bb markers_color=\u00bb#5188f1&#8243; btn_title=\u00bbObtener ahora\u00bb btn_color=\u00bbviolet\u00bb btn_link=\u00bburl:https%3A%2F%2Fapi.whatsapp.com%2Fsend%3Fphone%3D51982839114%26text%3Dhola%2C%2520soy%2520artista%2520y%2520quiero%2520*Fire%2520web*!|target:_blank\u00bb]<\/p>\n<ul>\n<li>Tu Instagram conectado en la p\u00e1gina inicial<\/li>\n<li>P\u00e1gina de biograf\u00eda<\/li>\n<li>P\u00e1gina de contacto<\/li>\n<li><span class=\"Y2IQFc\" lang=\"es\">Hosting gratis por un a\u00f1o<br \/>\n<\/span><\/li>\n<li><span style=\"color: #5317ad;\">Incluye <span class=\"Y2IQFc\" lang=\"es\">dominio .com<\/span><span class=\"Y2IQFc\" lang=\"es\"> (tu nombre.com)<\/span> &lt;no premium&gt;<\/span><\/li>\n<\/ul>\n<p>[\/vc_pricing_table][\/vc_column_inner][\/vc_row_inner][\/vc_column][\/vc_row][vc_row wrap_container=\u00bbyes\u00bb conditional_render=\u00bb%5B%7B%22value_role%22%3A%22administrator%22%7D%5D\u00bb][vc_column][vc_custom_heading text=\u00bbAs\u00ed quedar\u00e1 tu web\u00bb font_container=\u00bbtag:h2|font_size:2rem|text_align:center|color:%2337424c|line_height:1&#8243; use_theme_fonts=\u00bbyes\u00bb font_weight=\u00bb700&#8243; letter_spacing=\u00bb0.5px\u00bb css=\u00bb.vc_custom_1701819010428{margin-top: 25px !important;padding-top: 25px !important;}\u00bb][vc_single_image image=\u00bb125&#8243; img_size=\u00bb1316&#215;700&#8243; alignment=\u00bbcenter\u00bb][vc_single_image image=\u00bb81&#8243; img_size=\u00bb1316&#215;700&#8243; alignment=\u00bbcenter\u00bb][vc_single_image image=\u00bb82&#8243; img_size=\u00bb1316&#215;700&#8243; alignment=\u00bbcenter\u00bb][\/vc_column][\/vc_row][vc_row full_width=\u00bbstretch_row_content_no_spaces\u00bb wrap_container=\u00bbyes\u00bb conditional_render=\u00bb%5B%7B%22value_role%22%3A%22administrator%22%7D%5D\u00bb css=\u00bb.vc_custom_1713463436701{background: #00ddb5 url(https:\/\/www.falcon-media.com\/landing\/wp-content\/uploads\/2024\/04\/falcon-wia-161.jpg?id=126) !important;background-position: center !important;background-repeat: no-repeat !important;background-size: cover !important;}\u00bb][vc_column][vc_row_inner css=\u00bb.vc_custom_1713463383743{margin-top: 50px !important;}\u00bb][vc_column_inner width=\u00bb1\/2&#8243;][vc_custom_heading text=\u00bb\u00bfTienes alguna duda?\u00bb font_container=\u00bbtag:h2|font_size:1.2rem|text_align:center|color:%23ffffff|line_height:1&#8243; use_theme_fonts=\u00bbyes\u00bb font_weight=\u00bb800&#8243; letter_spacing=\u00bb0.5px\u00bb el_class=\u00bbmb-4&#8243;][vc_single_image image=\u00bb136&#8243; img_size=\u00bb200&#215;200&#8243; alignment=\u00bbcenter\u00bb onclick=\u00bbcustom_link\u00bb link=\u00bbhttps:\/\/api.whatsapp.com\/send?phone=51982839114&amp;text=hola,%20soy%20artista%20y%20quiero%20mi%20propia%C2%A0web!\u00bb css=\u00bb.vc_custom_1713490536593{background-image: url(https:\/\/www.falcon-media.com\/landing\/wp-content\/uploads\/2024\/04\/falcon-wsp11.png?id=138) !important;background-position: center !important;background-repeat: no-repeat !important;background-size: contain !important;}\u00bb][\/vc_column_inner][vc_column_inner width=\u00bb1\/2&#8243;][vc_custom_heading text=\u00bbNosotros\u00bb font_container=\u00bbtag:h2|font_size:1.2rem|text_align:center|color:%23ffffff|line_height:1&#8243; use_theme_fonts=\u00bbyes\u00bb font_weight=\u00bb800&#8243; letter_spacing=\u00bb0.5px\u00bb el_class=\u00bbmb-4&#8243;][vc_single_image image=\u00bb136&#8243; img_size=\u00bb200&#215;200&#8243; alignment=\u00bbcenter\u00bb onclick=\u00bbcustom_link\u00bb link=\u00bbhttps:\/\/www.falcon-media.com\/\u00bb css=\u00bb.vc_custom_1713490197458{background-image: url(https:\/\/www.falcon-media.com\/landing\/wp-content\/uploads\/2024\/04\/redes-falcon-abril-02-1.png?id=134) !important;background-position: center !important;background-repeat: no-repeat !important;background-size: contain !important;}\u00bb][\/vc_column_inner][\/vc_row_inner][\/vc_column][\/vc_row]<\/p>\n<\/div>","protected":false},"excerpt":{"rendered":"<p>[vc_row wrap_container=\u00bbyes\u00bb conditional_render=\u00bb%5B%7B%22value_role%22%3A%22administrator%22%7D%5D\u00bb css=\u00bb.vc_custom_1700689570108{background-position: center !important;background-repeat: no-repeat !important;background-size: cover !important;}\u00bb][vc_column width=\u00bb1\/2&#8243;][vc_custom_heading text=\u00bbWebs para ilustradores y artistas\u00bb font_container=\u00bbtag:h1|font_size:3rem|text_align:left|color:%233d277b|line_height:1&#8243; google_fonts=\u00bbfont_family:Londrina%20Solid%3Aregular|font_style:400%20regular%3A400%3Anormal\u00bb font_weight=\u00bb500&#8243;][\/vc_column][vc_column width=\u00bb1\/2&#8243;][\/vc_column][\/vc_row][vc_row wrap_container=\u00bbyes\u00bb content_placement=\u00bbmiddle\u00bb conditional_render=\u00bb%5B%7B%22value_role%22%3A%22administrator%22%7D%5D\u00bb css=\u00bb.vc_custom_1701832791533{background-position: center !important;background-repeat: no-repeat !important;background-size: cover !important;}\u00bb animation_type=\u00bbfadeInUp\u00bb][vc_column width=\u00bb1\/2&#8243;][vc_custom_heading text=\u00bb\u00bfPara qu\u00e9? Para tener presencia profesional en l\u00ednea\u00bb font_container=\u00bbtag:p|font_size:1rem|text_align:left|color:%23424242|line_height:1&#8243; use_theme_fonts=\u00bbyes\u00bb el_class=\u00bbtext-fw-500&#8243; css=\u00bb.vc_custom_1700754287597{margin-top: 20px !important;}\u00bb][vc_custom_heading text=\u00bb\u00bfPorqu\u00e9? Por que miles de usuarios podr\u00e1n encontrarte en [&hellip;]<\/p>\n","protected":false},"author":1,"featured_media":0,"parent":0,"menu_order":0,"comment_status":"closed","ping_status":"closed","template":"","meta":{"footnotes":""},"class_list":["post-9","page","type-page","status-publish","hentry"],"_links":{"self":[{"href":"https:\/\/www.falcon-media.com\/landing\/wp-json\/wp\/v2\/pages\/9","targetHints":{"allow":["GET"]}}],"collection":[{"href":"https:\/\/www.falcon-media.com\/landing\/wp-json\/wp\/v2\/pages"}],"about":[{"href":"https:\/\/www.falcon-media.com\/landing\/wp-json\/wp\/v2\/types\/page"}],"author":[{"embeddable":true,"href":"https:\/\/www.falcon-media.com\/landing\/wp-json\/wp\/v2\/users\/1"}],"replies":[{"embeddable":true,"href":"https:\/\/www.falcon-media.com\/landing\/wp-json\/wp\/v2\/comments?post=9"}],"version-history":[{"count":90,"href":"https:\/\/www.falcon-media.com\/landing\/wp-json\/wp\/v2\/pages\/9\/revisions"}],"predecessor-version":[{"id":142,"href":"https:\/\/www.falcon-media.com\/landing\/wp-json\/wp\/v2\/pages\/9\/revisions\/142"}],"wp:attachment":[{"href":"https:\/\/www.falcon-media.com\/landing\/wp-json\/wp\/v2\/media?parent=9"}],"curies":[{"name":"wp","href":"https:\/\/api.w.org\/{rel}","templated":true}]}}